{"id":9893,"date":"2025-09-26T11:37:22","date_gmt":"2025-09-26T11:37:22","guid":{"rendered":"https:\/\/afsd.al\/?post_type=product&#038;p=9893"},"modified":"2025-12-09T12:30:36","modified_gmt":"2025-12-09T12:30:36","slug":"lauretana-mineral-water","status":"publish","type":"product","link":"https:\/\/afsd.al\/sq\/produkt\/lauretana-mineral-water\/","title":{"rendered":"Uj\u00eb Mineral Lauretana"},"content":{"rendered":"<p>Lauretana \u00ebsht\u00eb uji mineral m\u00eb i leht\u00eb n\u00eb Evrop\u00eb, me vet\u00ebm 14 mg\/L l\u00ebnd\u00eb t\u00eb tretura totale t\u00eb ngurta. I furnizuar nga burime alpine t\u00eb paprekura n\u00eb mbi 1,000 metra mbi nivelin e detit, kjo shishe qelqi 750 ml pasqyron past\u00ebrti dhe luks. Pa natrium dhe aditiv\u00eb, \u00ebsht\u00eb ideale p\u00ebr konsumator\u00ebt e nd\u00ebrgjegjsh\u00ebm p\u00ebr sh\u00ebndetin ose p\u00ebr kombinime t\u00eb shk\u00eblqyera ushqimi. Hidratohuni me eleganc\u00eb.<\/p>","protected":false},"excerpt":{"rendered":"<p>Lauretana \u00ebsht\u00eb uji mineral m\u00eb i leht\u00eb n\u00eb Evrop\u00eb, me vet\u00ebm 14 mg\/L l\u00ebnd\u00eb t\u00eb tretura totale t\u00eb ngurta. I furnizuar nga burime alpine t\u00eb paprekura n\u00eb mbi 1,000 metra mbi nivelin e detit, kjo shishe qelqi 750 ml pasqyron past\u00ebrti dhe luks. Pa natrium dhe aditiv\u00eb, \u00ebsht\u00eb ideale p\u00ebr konsumator\u00ebt e nd\u00ebrgjegjsh\u00ebm p\u00ebr sh\u00ebndetin ose p\u00ebr kombinime t\u00eb shk\u00eblqyera ushqimi. Hidratohuni me eleganc\u00eb.<\/p>","protected":false},"featured_media":9894,"comment_status":"closed","ping_status":"closed","template":"","meta":[],"product_brand":[],"product_cat":[311],"product_tag":[],"class_list":{"0":"post-9893","1":"product","2":"type-product","3":"status-publish","4":"has-post-thumbnail","6":"product_cat-water","9":"first","10":"instock","11":"taxable","12":"shipping-taxable","13":"purchasable","14":"product-type-simple"},"yoast_head":"<!-- This site is optimized with the Yoast SEO plugin v27.3 - https:\/\/yoast.com\/product\/yoast-seo-wordpress\/ -->\n<title>Lauretana Mineral Water - AFSD Company<\/title>\n<meta name=\"robots\" content=\"index, follow, max-snippet:-1, max-image-preview:large, max-video-preview:-1\" \/>\n<link rel=\"canonical\" href=\"https:\/\/afsd.al\/sq\/produkt\/lauretana-mineral-water\/\" \/>\n<meta property=\"og:locale\" content=\"sq_AL\" \/>\n<meta property=\"og:type\" content=\"article\" \/>\n<meta property=\"og:title\" content=\"Lauretana Mineral Water - AFSD Company\" \/>\n<meta property=\"og:description\" content=\"Lauretana is the lightest mineral water in Europe, with only 14 mg\/L total dissolved solids. Sourced from untouched alpine springs at over 1,000 meters above sea level, this 750ml glass bottle reflects purity and luxury. Free from sodium and additives, it\u2019s ideal for health-conscious consumers or fine dining pairings. Hydrate with elegance.\" \/>\n<meta property=\"og:url\" content=\"https:\/\/afsd.al\/sq\/produkt\/lauretana-mineral-water\/\" \/>\n<meta property=\"og:site_name\" content=\"AFSD Company\" \/>\n<meta property=\"article:modified_time\" content=\"2025-12-09T12:30:36+00:00\" \/>\n<meta property=\"og:image\" content=\"https:\/\/afsd.al\/wp-content\/uploads\/2025\/09\/acqua-lauretana-naturale-pet-50-cl-x-24-bottiglie.png\" \/>\n\t<meta property=\"og:image:width\" content=\"2000\" \/>\n\t<meta property=\"og:image:height\" content=\"2000\" \/>\n\t<meta property=\"og:image:type\" content=\"image\/png\" \/>\n<meta name=\"twitter:card\" content=\"summary_large_image\" \/>\n<meta name=\"twitter:label1\" content=\"Est. reading time\" \/>\n\t<meta name=\"twitter:data1\" content=\"1 minut\u00eb\" \/>\n<script type=\"application\/ld+json\" class=\"yoast-schema-graph\">{\"@context\":\"https:\\\/\\\/schema.org\",\"@graph\":[{\"@type\":\"WebPage\",\"@id\":\"https:\\\/\\\/afsd.al\\\/product\\\/lauretana-mineral-water\\\/\",\"url\":\"https:\\\/\\\/afsd.al\\\/product\\\/lauretana-mineral-water\\\/\",\"name\":\"Lauretana Mineral Water - AFSD Company\",\"isPartOf\":{\"@id\":\"https:\\\/\\\/afsd.al\\\/#website\"},\"primaryImageOfPage\":{\"@id\":\"https:\\\/\\\/afsd.al\\\/product\\\/lauretana-mineral-water\\\/#primaryimage\"},\"image\":{\"@id\":\"https:\\\/\\\/afsd.al\\\/product\\\/lauretana-mineral-water\\\/#primaryimage\"},\"thumbnailUrl\":\"https:\\\/\\\/afsd.al\\\/wp-content\\\/uploads\\\/2025\\\/09\\\/acqua-lauretana-naturale-pet-50-cl-x-24-bottiglie.png\",\"datePublished\":\"2025-09-26T11:37:22+00:00\",\"dateModified\":\"2025-12-09T12:30:36+00:00\",\"breadcrumb\":{\"@id\":\"https:\\\/\\\/afsd.al\\\/product\\\/lauretana-mineral-water\\\/#breadcrumb\"},\"inLanguage\":\"sq\",\"potentialAction\":[{\"@type\":\"ReadAction\",\"target\":[\"https:\\\/\\\/afsd.al\\\/product\\\/lauretana-mineral-water\\\/\"]}]},{\"@type\":\"ImageObject\",\"inLanguage\":\"sq\",\"@id\":\"https:\\\/\\\/afsd.al\\\/product\\\/lauretana-mineral-water\\\/#primaryimage\",\"url\":\"https:\\\/\\\/afsd.al\\\/wp-content\\\/uploads\\\/2025\\\/09\\\/acqua-lauretana-naturale-pet-50-cl-x-24-bottiglie.png\",\"contentUrl\":\"https:\\\/\\\/afsd.al\\\/wp-content\\\/uploads\\\/2025\\\/09\\\/acqua-lauretana-naturale-pet-50-cl-x-24-bottiglie.png\",\"width\":2000,\"height\":2000},{\"@type\":\"BreadcrumbList\",\"@id\":\"https:\\\/\\\/afsd.al\\\/product\\\/lauretana-mineral-water\\\/#breadcrumb\",\"itemListElement\":[{\"@type\":\"ListItem\",\"position\":1,\"name\":\"Home\",\"item\":\"https:\\\/\\\/afsd.al\\\/\"},{\"@type\":\"ListItem\",\"position\":2,\"name\":\"Shop\",\"item\":\"https:\\\/\\\/afsd.al\\\/shop\\\/\"},{\"@type\":\"ListItem\",\"position\":3,\"name\":\"Lauretana Mineral Water\"}]},{\"@type\":\"WebSite\",\"@id\":\"https:\\\/\\\/afsd.al\\\/#website\",\"url\":\"https:\\\/\\\/afsd.al\\\/\",\"name\":\"AFSD Company\",\"description\":\"Beer and Liquor Distributor\",\"publisher\":{\"@id\":\"https:\\\/\\\/afsd.al\\\/#organization\"},\"potentialAction\":[{\"@type\":\"SearchAction\",\"target\":{\"@type\":\"EntryPoint\",\"urlTemplate\":\"https:\\\/\\\/afsd.al\\\/?s={search_term_string}\"},\"query-input\":{\"@type\":\"PropertyValueSpecification\",\"valueRequired\":true,\"valueName\":\"search_term_string\"}}],\"inLanguage\":\"sq\"},{\"@type\":\"Organization\",\"@id\":\"https:\\\/\\\/afsd.al\\\/#organization\",\"name\":\"AFSD Company\",\"url\":\"https:\\\/\\\/afsd.al\\\/\",\"logo\":{\"@type\":\"ImageObject\",\"inLanguage\":\"sq\",\"@id\":\"https:\\\/\\\/afsd.al\\\/#\\\/schema\\\/logo\\\/image\\\/\",\"url\":\"https:\\\/\\\/afsd.al\\\/wp-content\\\/uploads\\\/2017\\\/07\\\/afsd-logo-dark.png\",\"contentUrl\":\"https:\\\/\\\/afsd.al\\\/wp-content\\\/uploads\\\/2017\\\/07\\\/afsd-logo-dark.png\",\"width\":300,\"height\":100,\"caption\":\"AFSD Company\"},\"image\":{\"@id\":\"https:\\\/\\\/afsd.al\\\/#\\\/schema\\\/logo\\\/image\\\/\"}}]}<\/script>\n<!-- \/ Yoast SEO plugin. -->","yoast_head_json":{"title":"Lauretana Mineral Water - AFSD Company","robots":{"index":"index","follow":"follow","max-snippet":"max-snippet:-1","max-image-preview":"max-image-preview:large","max-video-preview":"max-video-preview:-1"},"canonical":"https:\/\/afsd.al\/sq\/produkt\/lauretana-mineral-water\/","og_locale":"sq_AL","og_type":"article","og_title":"Lauretana Mineral Water - AFSD Company","og_description":"Lauretana is the lightest mineral water in Europe, with only 14 mg\/L total dissolved solids. Sourced from untouched alpine springs at over 1,000 meters above sea level, this 750ml glass bottle reflects purity and luxury. Free from sodium and additives, it\u2019s ideal for health-conscious consumers or fine dining pairings. Hydrate with elegance.","og_url":"https:\/\/afsd.al\/sq\/produkt\/lauretana-mineral-water\/","og_site_name":"AFSD Company","article_modified_time":"2025-12-09T12:30:36+00:00","og_image":[{"width":2000,"height":2000,"url":"https:\/\/afsd.al\/wp-content\/uploads\/2025\/09\/acqua-lauretana-naturale-pet-50-cl-x-24-bottiglie.png","type":"image\/png"}],"twitter_card":"summary_large_image","twitter_misc":{"Est. reading time":"1 minut\u00eb"},"schema":{"@context":"https:\/\/schema.org","@graph":[{"@type":"WebPage","@id":"https:\/\/afsd.al\/product\/lauretana-mineral-water\/","url":"https:\/\/afsd.al\/product\/lauretana-mineral-water\/","name":"Lauretana Mineral Water - AFSD Company","isPartOf":{"@id":"https:\/\/afsd.al\/#website"},"primaryImageOfPage":{"@id":"https:\/\/afsd.al\/product\/lauretana-mineral-water\/#primaryimage"},"image":{"@id":"https:\/\/afsd.al\/product\/lauretana-mineral-water\/#primaryimage"},"thumbnailUrl":"https:\/\/afsd.al\/wp-content\/uploads\/2025\/09\/acqua-lauretana-naturale-pet-50-cl-x-24-bottiglie.png","datePublished":"2025-09-26T11:37:22+00:00","dateModified":"2025-12-09T12:30:36+00:00","breadcrumb":{"@id":"https:\/\/afsd.al\/product\/lauretana-mineral-water\/#breadcrumb"},"inLanguage":"sq","potentialAction":[{"@type":"ReadAction","target":["https:\/\/afsd.al\/product\/lauretana-mineral-water\/"]}]},{"@type":"ImageObject","inLanguage":"sq","@id":"https:\/\/afsd.al\/product\/lauretana-mineral-water\/#primaryimage","url":"https:\/\/afsd.al\/wp-content\/uploads\/2025\/09\/acqua-lauretana-naturale-pet-50-cl-x-24-bottiglie.png","contentUrl":"https:\/\/afsd.al\/wp-content\/uploads\/2025\/09\/acqua-lauretana-naturale-pet-50-cl-x-24-bottiglie.png","width":2000,"height":2000},{"@type":"BreadcrumbList","@id":"https:\/\/afsd.al\/product\/lauretana-mineral-water\/#breadcrumb","itemListElement":[{"@type":"ListItem","position":1,"name":"Home","item":"https:\/\/afsd.al\/"},{"@type":"ListItem","position":2,"name":"Shop","item":"https:\/\/afsd.al\/shop\/"},{"@type":"ListItem","position":3,"name":"Lauretana Mineral Water"}]},{"@type":"WebSite","@id":"https:\/\/afsd.al\/#website","url":"https:\/\/afsd.al\/","name":"Kompania AFSD","description":"Distributor Birre dhe Pijesh Alkoolike","publisher":{"@id":"https:\/\/afsd.al\/#organization"},"potentialAction":[{"@type":"SearchAction","target":{"@type":"EntryPoint","urlTemplate":"https:\/\/afsd.al\/?s={search_term_string}"},"query-input":{"@type":"PropertyValueSpecification","valueRequired":true,"valueName":"search_term_string"}}],"inLanguage":"sq"},{"@type":"Organization","@id":"https:\/\/afsd.al\/#organization","name":"Kompania AFSD","url":"https:\/\/afsd.al\/","logo":{"@type":"ImageObject","inLanguage":"sq","@id":"https:\/\/afsd.al\/#\/schema\/logo\/image\/","url":"https:\/\/afsd.al\/wp-content\/uploads\/2017\/07\/afsd-logo-dark.png","contentUrl":"https:\/\/afsd.al\/wp-content\/uploads\/2017\/07\/afsd-logo-dark.png","width":300,"height":100,"caption":"AFSD Company"},"image":{"@id":"https:\/\/afsd.al\/#\/schema\/logo\/image\/"}}]}},"_links":{"self":[{"href":"https:\/\/afsd.al\/sq\/wp-json\/wp\/v2\/product\/9893","targetHints":{"allow":["GET"]}}],"collection":[{"href":"https:\/\/afsd.al\/sq\/wp-json\/wp\/v2\/product"}],"about":[{"href":"https:\/\/afsd.al\/sq\/wp-json\/wp\/v2\/types\/product"}],"replies":[{"embeddable":true,"href":"https:\/\/afsd.al\/sq\/wp-json\/wp\/v2\/comments?post=9893"}],"wp:featuredmedia":[{"embeddable":true,"href":"https:\/\/afsd.al\/sq\/wp-json\/wp\/v2\/media\/9894"}],"wp:attachment":[{"href":"https:\/\/afsd.al\/sq\/wp-json\/wp\/v2\/media?parent=9893"}],"wp:term":[{"taxonomy":"product_brand","embeddable":true,"href":"https:\/\/afsd.al\/sq\/wp-json\/wp\/v2\/product_brand?post=9893"},{"taxonomy":"product_cat","embeddable":true,"href":"https:\/\/afsd.al\/sq\/wp-json\/wp\/v2\/product_cat?post=9893"},{"taxonomy":"product_tag","embeddable":true,"href":"https:\/\/afsd.al\/sq\/wp-json\/wp\/v2\/product_tag?post=9893"}],"curies":[{"name":"wp","href":"https:\/\/api.w.org\/{rel}","templated":true}]}}